{"id":143,"date":"2017-03-29T21:44:41","date_gmt":"2017-03-29T21:44:41","guid":{"rendered":"https:\/\/chaniatransfer.taxi\/?post_type=product&#038;p=143"},"modified":"2021-06-06T18:16:13","modified_gmt":"2021-06-06T18:16:14","slug":"reservation","status":"publish","type":"product","link":"https:\/\/dev.chania24.taxi\/de\/r\/reservation\/","title":{"rendered":"<p>Reservation<\/p>"},"content":{"rendered":"<h2>Tragen Sie die Reservation ein, und wir melden uns anschliessend bei Ihnen sobald wie m\u00f6glich.<p>Hier k\u00f6nnen Sie Ihre Reservationsanfrage vornehmen, die wir entsprechend Ihren W\u00fcnschen und Anforderungen behandeln und organisieren werden. Damit wir Ihnen ein Angebot unterbreiten k\u00f6nnen, f\u00fcllen Sie bitte den folgenden Fragebogen aus und beschreiben Sie die Reise mit den notwendigen Details: Datum, genaue Abfahrszeit sowie Abfahrtsort, Datum und Ankunftszeit des Reiseziels, Auflistung der Zwischenstopps und Dauer derjenigen sowie allf\u00e4llige spezielle Anforderungen. Durch das Absenden der Anfrage sind Sie nicht zu einer Buchung verpflichtet.<br>\n<strong>Sie entscheiden erst nach Erhalt unseres Angebots.<\/strong><\/p><\/h2>","protected":false},"excerpt":{"rendered":"<p>Make you reservation and we will reply as soon as possible. Here you can make a reservation that will be organized according to your wishes and demands. To receive an offer, please fill in the following inquiry form and make sure to describe the trip in detail. Specify the date and time of departure from [&hellip;]<\/p>","protected":false},"featured_media":0,"template":"","meta":[],"yoast_head":"<!-- This site is optimized with the Yoast SEO plugin v22.7 - https:\/\/yoast.com\/wordpress\/plugins\/seo\/ -->\n<title>Reservation - Chania24Taxi<\/title>\n<meta name=\"robots\" content=\"index, follow, max-snippet:-1, max-image-preview:large, max-video-preview:-1\" \/>\n<link rel=\"canonical\" href=\"https:\/\/dev.chania24.taxi\/de\/r\/reservation\/\" \/>\n<meta property=\"og:locale\" content=\"de_DE\" \/>\n<meta property=\"og:type\" content=\"article\" \/>\n<meta property=\"og:title\" content=\"Reservation - Chania24Taxi\" \/>\n<meta property=\"og:description\" content=\"Make you reservation and we will reply as soon as possible. Here you can make a reservation that will be organized according to your wishes and demands. To receive an offer, please fill in the following inquiry form and make sure to describe the trip in detail. Specify the date and time of departure from [&hellip;]\" \/>\n<meta property=\"og:url\" content=\"https:\/\/dev.chania24.taxi\/de\/r\/reservation\/\" \/>\n<meta property=\"og:site_name\" content=\"Chania24Taxi\" \/>\n<meta property=\"article:publisher\" content=\"https:\/\/www.facebook.com\/chania24taxi\/\" \/>\n<meta property=\"article:modified_time\" content=\"2021-06-06T18:16:14+00:00\" \/>\n<meta name=\"twitter:card\" content=\"summary_large_image\" \/>\n<meta name=\"twitter:label1\" content=\"Gesch\u00e4tzte Lesezeit\" \/>\n\t<meta name=\"twitter:data1\" content=\"1\u00a0Minute\" \/>\n<script type=\"application\/ld+json\" class=\"yoast-schema-graph\">{\"@context\":\"https:\/\/schema.org\",\"@graph\":[{\"@type\":\"WebPage\",\"@id\":\"https:\/\/dev.chania24.taxi\/ru\/r\/reservation\/\",\"url\":\"https:\/\/dev.chania24.taxi\/ru\/r\/reservation\/\",\"name\":\"Reservation - Chania24Taxi\",\"isPartOf\":{\"@id\":\"https:\/\/dev.chania24.taxi\/#website\"},\"datePublished\":\"2017-03-29T21:44:41+00:00\",\"dateModified\":\"2021-06-06T18:16:14+00:00\",\"breadcrumb\":{\"@id\":\"https:\/\/dev.chania24.taxi\/ru\/r\/reservation\/#breadcrumb\"},\"inLanguage\":\"de-DE\",\"potentialAction\":[{\"@type\":\"ReadAction\",\"target\":[\"https:\/\/dev.chania24.taxi\/ru\/r\/reservation\/\"]}]},{\"@type\":\"BreadcrumbList\",\"@id\":\"https:\/\/dev.chania24.taxi\/ru\/r\/reservation\/#breadcrumb\",\"itemListElement\":[{\"@type\":\"ListItem\",\"position\":1,\"name\":\"Home\",\"item\":\"https:\/\/dev.chania24.taxi\/\"},{\"@type\":\"ListItem\",\"position\":2,\"name\":\"\u0422\u043e\u0432\u0430\u0440\u044b\",\"item\":\"https:\/\/dev.chania24.taxi\/ru\/shop\/\"},{\"@type\":\"ListItem\",\"position\":3,\"name\":\"Reservation\"}]},{\"@type\":\"WebSite\",\"@id\":\"https:\/\/dev.chania24.taxi\/#website\",\"url\":\"https:\/\/dev.chania24.taxi\/\",\"name\":\"Chania24Taxi\",\"description\":\"An easy way to book your taxi in Chania!!\",\"publisher\":{\"@id\":\"https:\/\/dev.chania24.taxi\/#organization\"},\"potentialAction\":[{\"@type\":\"SearchAction\",\"target\":{\"@type\":\"EntryPoint\",\"urlTemplate\":\"https:\/\/dev.chania24.taxi\/?s={search_term_string}\"},\"query-input\":\"required name=search_term_string\"}],\"inLanguage\":\"de-DE\"},{\"@type\":\"Organization\",\"@id\":\"https:\/\/dev.chania24.taxi\/#organization\",\"name\":\"Chania24Taxi\",\"url\":\"https:\/\/dev.chania24.taxi\/\",\"logo\":{\"@type\":\"ImageObject\",\"inLanguage\":\"de-DE\",\"@id\":\"https:\/\/dev.chania24.taxi\/#\/schema\/logo\/image\/\",\"url\":\"https:\/\/chania24.taxi\/wp-content\/uploads\/2022\/04\/icon_chania24.png\",\"contentUrl\":\"https:\/\/chania24.taxi\/wp-content\/uploads\/2022\/04\/icon_chania24.png\",\"width\":512,\"height\":512,\"caption\":\"Chania24Taxi\"},\"image\":{\"@id\":\"https:\/\/dev.chania24.taxi\/#\/schema\/logo\/image\/\"},\"sameAs\":[\"https:\/\/www.facebook.com\/chania24taxi\/\"]}]}<\/script>\n<!-- \/ Yoast SEO plugin. -->","yoast_head_json":{"title":"Reservation - Chania24Taxi","robots":{"index":"index","follow":"follow","max-snippet":"max-snippet:-1","max-image-preview":"max-image-preview:large","max-video-preview":"max-video-preview:-1"},"canonical":"https:\/\/dev.chania24.taxi\/de\/r\/reservation\/","og_locale":"de_DE","og_type":"article","og_title":"Reservation - Chania24Taxi","og_description":"Make you reservation and we will reply as soon as possible. Here you can make a reservation that will be organized according to your wishes and demands. To receive an offer, please fill in the following inquiry form and make sure to describe the trip in detail. Specify the date and time of departure from [&hellip;]","og_url":"https:\/\/dev.chania24.taxi\/de\/r\/reservation\/","og_site_name":"Chania24Taxi","article_publisher":"https:\/\/www.facebook.com\/chania24taxi\/","article_modified_time":"2021-06-06T18:16:14+00:00","twitter_card":"summary_large_image","twitter_misc":{"Gesch\u00e4tzte Lesezeit":"1\u00a0Minute"},"schema":{"@context":"https:\/\/schema.org","@graph":[{"@type":"WebPage","@id":"https:\/\/dev.chania24.taxi\/ru\/r\/reservation\/","url":"https:\/\/dev.chania24.taxi\/ru\/r\/reservation\/","name":"Reservation - Chania24Taxi","isPartOf":{"@id":"https:\/\/dev.chania24.taxi\/#website"},"datePublished":"2017-03-29T21:44:41+00:00","dateModified":"2021-06-06T18:16:14+00:00","breadcrumb":{"@id":"https:\/\/dev.chania24.taxi\/ru\/r\/reservation\/#breadcrumb"},"inLanguage":"de-DE","potentialAction":[{"@type":"ReadAction","target":["https:\/\/dev.chania24.taxi\/ru\/r\/reservation\/"]}]},{"@type":"BreadcrumbList","@id":"https:\/\/dev.chania24.taxi\/ru\/r\/reservation\/#breadcrumb","itemListElement":[{"@type":"ListItem","position":1,"name":"Home","item":"https:\/\/dev.chania24.taxi\/"},{"@type":"ListItem","position":2,"name":"\u0422\u043e\u0432\u0430\u0440\u044b","item":"https:\/\/dev.chania24.taxi\/ru\/shop\/"},{"@type":"ListItem","position":3,"name":"Reservation"}]},{"@type":"WebSite","@id":"https:\/\/dev.chania24.taxi\/#website","url":"https:\/\/dev.chania24.taxi\/","name":"Chania24Taxi","description":"An easy way to book your taxi in Chania!!","publisher":{"@id":"https:\/\/dev.chania24.taxi\/#organization"},"potentialAction":[{"@type":"SearchAction","target":{"@type":"EntryPoint","urlTemplate":"https:\/\/dev.chania24.taxi\/?s={search_term_string}"},"query-input":"required name=search_term_string"}],"inLanguage":"de-DE"},{"@type":"Organization","@id":"https:\/\/dev.chania24.taxi\/#organization","name":"Chania24Taxi","url":"https:\/\/dev.chania24.taxi\/","logo":{"@type":"ImageObject","inLanguage":"de-DE","@id":"https:\/\/dev.chania24.taxi\/#\/schema\/logo\/image\/","url":"https:\/\/chania24.taxi\/wp-content\/uploads\/2022\/04\/icon_chania24.png","contentUrl":"https:\/\/chania24.taxi\/wp-content\/uploads\/2022\/04\/icon_chania24.png","width":512,"height":512,"caption":"Chania24Taxi"},"image":{"@id":"https:\/\/dev.chania24.taxi\/#\/schema\/logo\/image\/"},"sameAs":["https:\/\/www.facebook.com\/chania24taxi\/"]}]}},"_links":{"self":[{"href":"https:\/\/dev.chania24.taxi\/de\/wp-json\/wp\/v2\/product\/143"}],"collection":[{"href":"https:\/\/dev.chania24.taxi\/de\/wp-json\/wp\/v2\/product"}],"about":[{"href":"https:\/\/dev.chania24.taxi\/de\/wp-json\/wp\/v2\/types\/product"}],"wp:attachment":[{"href":"https:\/\/dev.chania24.taxi\/de\/wp-json\/wp\/v2\/media?parent=143"}],"curies":[{"name":"wp","href":"https:\/\/api.w.org\/{rel}","templated":true}]}}